{"id":946,"date":"2023-06-06T14:59:05","date_gmt":"2023-06-06T14:59:05","guid":{"rendered":"https:\/\/www.insurance-express.eu\/preguntas\/"},"modified":"2024-06-18T02:44:02","modified_gmt":"2024-06-18T02:44:02","slug":"fragen","status":"publish","type":"page","link":"https:\/\/www.insurance-express.eu\/de\/fragen\/","title":{"rendered":"FRAGEN"},"content":{"rendered":"[vc_row type=&#8220;full_width_background&#8220; full_screen_row_position=&#8220;middle&#8220; column_margin=&#8220;default&#8220; column_direction=&#8220;default&#8220; column_direction_tablet=&#8220;default&#8220; column_direction_phone=&#8220;default&#8220; bg_color=&#8220;#f8f8f8&#8243; scene_position=&#8220;center&#8220; top_padding=&#8220;4%&#8220; left_padding_desktop=&#8220;10%&#8220; constrain_group_2=&#8220;yes&#8220; right_padding_desktop=&#8220;10%&#8220; text_color=&#8220;dark&#8220; text_align=&#8220;left&#8220; row_border_radius=&#8220;none&#8220; row_border_radius_applies=&#8220;bg&#8220; overflow=&#8220;visible&#8220; overlay_strength=&#8220;0.3&#8243; gradient_direction=&#8220;left_to_right&#8220; shape_divider_position=&#8220;bottom&#8220; bg_image_animation=&#8220;none&#8220; gradient_type=&#8220;default&#8220; shape_type=&#8220;&#8220;][vc_column column_padding=&#8220;no-extra-padding&#8220; column_padding_tablet=&#8220;inherit&#8220; column_padding_phone=&#8220;inherit&#8220; column_padding_position=&#8220;all&#8220; column_element_direction_desktop=&#8220;default&#8220; column_element_spacing=&#8220;default&#8220; desktop_text_alignment=&#8220;default&#8220; tablet_text_alignment=&#8220;default&#8220; phone_text_alignment=&#8220;default&#8220; background_color_opacity=&#8220;1&#8243; background_hover_color_opacity=&#8220;1&#8243; column_backdrop_filter=&#8220;none&#8220; column_shadow=&#8220;none&#8220; column_border_radius=&#8220;none&#8220; column_link_target=&#8220;_self&#8220; column_position=&#8220;default&#8220; gradient_direction=&#8220;left_to_right&#8220; overlay_strength=&#8220;0.3&#8243; width=&#8220;1\/1&#8243; tablet_width_inherit=&#8220;default&#8220; animation_type=&#8220;default&#8220; bg_image_animation=&#8220;none&#8220; border_type=&#8220;simple&#8220; column_border_width=&#8220;none&#8220; column_border_style=&#8220;solid&#8220;][vc_row_inner content_placement=&#8220;middle&#8220; column_margin=&#8220;default&#8220; column_direction=&#8220;default&#8220; column_direction_tablet=&#8220;default&#8220; column_direction_phone=&#8220;default&#8220; text_align=&#8220;center&#8220; row_position=&#8220;default&#8220; row_position_tablet=&#8220;inherit&#8220; row_position_phone=&#8220;inherit&#8220; overflow=&#8220;visible&#8220; pointer_events=&#8220;all&#8220;][vc_column_inner column_padding=&#8220;no-extra-padding&#8220; column_padding_tablet=&#8220;inherit&#8220; column_padding_phone=&#8220;inherit&#8220; column_padding_position=&#8220;all&#8220; column_element_direction_desktop=&#8220;default&#8220; column_element_spacing=&#8220;default&#8220; desktop_text_alignment=&#8220;default&#8220; tablet_text_alignment=&#8220;default&#8220; phone_text_alignment=&#8220;default&#8220; background_color_opacity=&#8220;1&#8243; background_hover_color_opacity=&#8220;1&#8243; column_backdrop_filter=&#8220;none&#8220; column_shadow=&#8220;none&#8220; column_border_radius=&#8220;none&#8220; column_link_target=&#8220;_self&#8220; overflow=&#8220;visible&#8220; gradient_direction=&#8220;left_to_right&#8220; overlay_strength=&#8220;0.3&#8243; width=&#8220;1\/1&#8243; tablet_width_inherit=&#8220;default&#8220; animation_type=&#8220;default&#8220; enable_animation=&#8220;true&#8220; animation=&#8220;fade-in&#8220; animation_easing=&#8220;default&#8220; bg_image_animation=&#8220;none&#8220; border_type=&#8220;simple&#8220; column_border_width=&#8220;none&#8220; column_border_style=&#8220;solid&#8220;][vc_column_text css=&#8220;.vc_custom_1718678358668{padding-bottom: 10px !important;}&#8220;]\n<h2>Fragen<\/h2>\n[\/vc_column_text][divider line_type=&#8220;Small Line&#8220; line_alignment=&#8220;center&#8220; line_thickness=&#8220;3&#8243; divider_color=&#8220;extra-color-1&#8243; animate=&#8220;yes&#8220; custom_height=&#8220;30&#8243; custom_line_width=&#8220;120&#8243; delay=&#8220;100&#8243;][vc_column_text]In diesem Abschnitt werden wir einige grundlegende Fragen beantworten, die uns unsere Kunden im Laufe der Jahre gestellt haben. Wenn Sie Fragen haben, die wir nicht beantwortet haben, z\u00f6gern Sie nicht, sich mit uns in Verbindung zu setzen, um sie zu kl\u00e4ren. In der Rubrik &#8222;Kontakt&#8220; finden Sie alle unsere Kontaktinformationen.[\/vc_column_text][\/vc_column_inner][\/vc_row_inner][\/vc_column][\/vc_row][vc_row type=&#8220;full_width_content&#8220; full_screen_row_position=&#8220;middle&#8220; column_margin=&#8220;custom&#8220; column_margin_custom=&#8220;7vw&#8220; equal_height=&#8220;yes&#8220; content_placement=&#8220;middle&#8220; column_direction=&#8220;default&#8220; column_direction_tablet=&#8220;default&#8220; column_direction_phone=&#8220;default&#8220; bg_color=&#8220;#f8f8f8&#8243; scene_position=&#8220;center&#8220; top_padding=&#8220;3%&#8220; bottom_padding=&#8220;12%&#8220; left_padding_desktop=&#8220;7vw&#8220; constrain_group_2=&#8220;yes&#8220; right_padding_desktop=&#8220;7vw&#8220; text_color=&#8220;dark&#8220; text_align=&#8220;left&#8220; row_border_radius=&#8220;none&#8220; row_border_radius_applies=&#8220;bg&#8220; overflow=&#8220;visible&#8220; advanced_gradient_angle=&#8220;0&#8243; overlay_strength=&#8220;0.8&#8243; gradient_direction=&#8220;left_to_right&#8220; shape_divider_color=&#8220;#000000&#8243; shape_divider_position=&#8220;bottom&#8220; shape_divider_height=&#8220;99%&#8220; bg_image_animation=&#8220;none&#8220; shape_type=&#8220;straight_section&#8220; gradient_type=&#8220;default&#8220;][vc_column left_padding_desktop=&#8220;2vw&#8220; column_element_direction_desktop=&#8220;default&#8220; column_element_spacing=&#8220;default&#8220; desktop_text_alignment=&#8220;default&#8220; tablet_text_alignment=&#8220;default&#8220; phone_text_alignment=&#8220;default&#8220; background_color_opacity=&#8220;1&#8243; background_hover_color_opacity=&#8220;1&#8243; column_backdrop_filter=&#8220;none&#8220; column_shadow=&#8220;none&#8220; column_border_radius=&#8220;none&#8220; column_link_target=&#8220;_self&#8220; column_position=&#8220;default&#8220; advanced_gradient_angle=&#8220;0&#8243; gradient_direction=&#8220;left_to_right&#8220; overlay_strength=&#8220;0.3&#8243; width=&#8220;1\/2&#8243; tablet_width_inherit=&#8220;default&#8220; animation_type=&#8220;default&#8220; bg_image_animation=&#8220;none&#8220; border_type=&#8220;simple&#8220; column_border_width=&#8220;none&#8220; column_border_style=&#8220;solid&#8220; column_padding_type=&#8220;advanced&#8220; gradient_type=&#8220;default&#8220;][toggles style=&#8220;minimal_shadow&#8220; accordion=&#8220;true&#8220; accordion_starting_functionality=&#8220;default&#8220; border_radius=&#8220;none&#8220;][toggle color=&#8220;Accent-Color&#8220; heading_tag=&#8220;h3&#8243; heading_tag_functionality=&#8220;default&#8220; title=&#8220;Was deckt die Haftpflichtversicherung?&#8220;][vc_column_text]Deckt Sch\u00e4den und medizinische Versorgung von Dritten im Falle eines Unfalls.[\/vc_column_text][\/toggle][toggle color=&#8220;Accent-Color&#8220; heading_tag=&#8220;h3&#8243; heading_tag_functionality=&#8220;default&#8220; title=&#8220;Was bedeutet Vollkaskoversicherung?&#8220;][vc_column_text]Neben der Haftpflichtversicherung deckt sie auch Sch\u00e4den am versicherten Fahrzeug ab.[\/vc_column_text][\/toggle][toggle color=&#8220;Accent-Color&#8220; heading_tag=&#8220;h3&#8243; heading_tag_functionality=&#8220;default&#8220; title=&#8220;Was bedeutet Selbstbeteiligung im Falle eines selbstverschuldeten Schadens?&#8220;][vc_column_text]Die Selbstbeteiligung ist ein fester Betrag, der auf Ihrer Versicherungspolice vermerkt ist und der im Schadensfall im Voraus gezahlt werden muss.[\/vc_column_text][\/toggle][toggle color=&#8220;Accent-Color&#8220; heading_tag=&#8220;h3&#8243; heading_tag_functionality=&#8220;default&#8220; title=&#8220;Was ist Zubeh\u00f6r?&#8220;][vc_column_text]Jeder Gegenstand, der nach der Herstellung des Fahrzeugs hinzugef\u00fcgt und von der offiziellen Firma eingebaut wird. Wenn Sie m\u00f6chten, dass sie durch die Police gedeckt werden, m\u00fcssen Sie angeben, welches Zubeh\u00f6r das Fahrzeug zum Zeitpunkt der Antragstellung hat.[\/vc_column_text][\/toggle][toggle color=&#8220;Accent-Color&#8220; heading_tag=&#8220;h3&#8243; heading_tag_functionality=&#8220;default&#8220; title=&#8220;Kann ich meine Versicherung \u00fcber die Website abschlie\u00dfen?&#8220;][vc_column_text]Nein. Sobald Sie die gew\u00fcnschte Versicherungsart ausgew\u00e4hlt haben, werden wir Ihnen einige Angebote unterbreiten und uns so bald wie m\u00f6glich mit Ihnen in Verbindung setzen.[\/vc_column_text][\/toggle][toggle color=&#8220;Accent-Color&#8220; heading_tag=&#8220;h3&#8243; heading_tag_functionality=&#8220;default&#8220; title=&#8220;Wie bezahle ich meine Versicherung?&#8220;][vc_column_text]Der einfachste und sicherste Weg ist das Lastschriftverfahren, aber wir haben auch andere Zahlungsm\u00f6glichkeiten.[\/vc_column_text][\/toggle][toggle color=&#8220;Accent-Color&#8220; heading_tag=&#8220;h3&#8243; heading_tag_functionality=&#8220;default&#8220; title=&#8220;Welchen Schutz haben Sie, wenn ich meine pers\u00f6nlichen Daten auf Ihrer Website eingebe?&#8220;][vc_column_text]Wir unterliegen den Bestimmungen des Datenschutzgesetzes. Die Daten sind absolut vertraulich und werden ausschlie\u00dflich f\u00fcr Versicherungszwecke verwendet.[\/vc_column_text][\/toggle][toggle color=&#8220;Accent-Color&#8220; heading_tag=&#8220;h3&#8243; heading_tag_functionality=&#8220;default&#8220; title=&#8220;Welche Unterlagen ben\u00f6tige ich f\u00fcr den Abschluss einer Kfz-Versicherung?&#8220;][vc_column_text]\n<ul>\n<li>Permiso de Circulacion<\/li>\n<li>Ficha Tecnica<\/li>\n<li>F\u00fchrerschein aller berechtigten Fahrer (VORDER- und R\u00dcCKSEITE)<\/li>\n<li>DNI, NIE oder Residencia<\/li>\n<li>Nachweis der Schadensfreiheit (falls im Vorjahr versichert)<\/li>\n<\/ul>\n[\/vc_column_text][\/toggle][toggle color=&#8220;Accent-Color&#8220; heading_tag=&#8220;h3&#8243; heading_tag_functionality=&#8220;default&#8220; title=&#8220;Welche Unterlagen ben\u00f6tige ich f\u00fcr einen Fahrzeugwechsel?&#8220;][vc_column_text]\n<ul>\n<li>Zulassungsbescheinigung AUF IHREN NAMEN<\/li>\n<li>Technische Unterlagen (Ficha tecnica)<\/li>\n<li>Originalbeleg der Versicherung (f\u00fcr das alte Fahrzeug)<\/li>\n<\/ul>\n[\/vc_column_text][\/toggle][toggle color=&#8220;Accent-Color&#8220; heading_tag=&#8220;h3&#8243; heading_tag_functionality=&#8220;default&#8220; title=&#8220;Darf ich mein Auto ohne eine offizielle Zahlungsbest\u00e4tigung fahren?&#8220;][vc_column_text]Der Versicherte ist verpflichtet, die von den \u00f6rtlichen Beh\u00f6rden angeforderten Unterlagen vorzulegen. Andernfalls kann ein Bu\u00dfgeld verh\u00e4ngt werden.[\/vc_column_text][\/toggle][toggle color=&#8220;Accent-Color&#8220; heading_tag=&#8220;h3&#8243; heading_tag_functionality=&#8220;default&#8220; title=&#8220;Brauche ich eine Versicherung, wenn ich mein Fahrzeug vor\u00fcbergehend nicht auf der Stra\u00dfe bewege oder in einer Garage habe?&#8220;][vc_column_text]Ja, wenn Ihr Auto gefahren werden kann, m\u00fcssen Sie eine Versicherung haben.[\/vc_column_text][\/toggle][toggle color=&#8220;Accent-Color&#8220; heading_tag=&#8220;h3&#8243; heading_tag_functionality=&#8220;default&#8220; title=&#8220;Wird meine Versicherung automatisch verl\u00e4ngert?&#8220;][vc_column_text]Ja, es sei denn, wir werden EINEN MONAT im Voraus informiert. Alle Versicherungsvertr\u00e4ge werden j\u00e4hrlich abgeschlossen und sind verl\u00e4ngerbar.[\/vc_column_text][\/toggle][toggle color=&#8220;Accent-Color&#8220; heading_tag=&#8220;h3&#8243; heading_tag_functionality=&#8220;default&#8220; title=&#8220;Wenn ich per Bankeinzug bezahle, wird dann die Verl\u00e4ngerungspr\u00e4mie jedes Jahr automatisch von meiner Bank abgebucht?&#8220;][vc_column_text]Ja, es sei denn, Sie teilen der Vermittlungsagentur oder dem Unternehmen mit einer Frist von einem Monat mit, dass Sie den Vertrag nicht verl\u00e4ngern m\u00f6chten.[\/vc_column_text][\/toggle][toggle color=&#8220;Accent-Color&#8220; heading_tag=&#8220;h3&#8243; heading_tag_functionality=&#8220;default&#8220; title=&#8220;Bekomme ich eine Kopie meiner Police, wenn ich die Vertragsverl\u00e4ngerung \u00fcber die Bank bezahle?&#8220;][vc_column_text]Nein, die Bank schickt Ihnen eine Zahlungsbescheinigung als Nachweis. Die Police \u00e4ndert sich nicht, aber wir k\u00f6nnen Ihnen bei Bedarf ein Duplikat Ihrer Police ausdrucken.[\/vc_column_text][\/toggle][\/toggles][\/vc_column][vc_column right_padding_desktop=&#8220;2vw&#8220; top_margin_tablet=&#8220;10%&#8220; column_element_direction_desktop=&#8220;default&#8220; column_element_spacing=&#8220;default&#8220; desktop_text_alignment=&#8220;default&#8220; tablet_text_alignment=&#8220;default&#8220; phone_text_alignment=&#8220;default&#8220; background_color_opacity=&#8220;1&#8243; background_hover_color_opacity=&#8220;1&#8243; background_image=&#8220;415&#8243; background_image_position=&#8220;center center&#8220; background_image_stacking=&#8220;default&#8220; enable_bg_scale=&#8220;true&#8220; background_image_loading=&#8220;default&#8220; column_backdrop_filter=&#8220;none&#8220; column_shadow=&#8220;none&#8220; column_border_radius=&#8220;none&#8220; column_link_target=&#8220;_self&#8220; column_position=&#8220;default&#8220; advanced_gradient_angle=&#8220;0&#8243; gradient_direction=&#8220;left_to_right&#8220; overlay_strength=&#8220;0.3&#8243; width=&#8220;1\/2&#8243; tablet_width_inherit=&#8220;default&#8220; animation_type=&#8220;default&#8220; bg_image_animation=&#8220;none&#8220; border_type=&#8220;simple&#8220; column_border_width=&#8220;none&#8220; column_border_style=&#8220;solid&#8220; column_padding_type=&#8220;advanced&#8220; gradient_type=&#8220;default&#8220;][divider line_type=&#8220;No Line&#8220; custom_height=&#8220;250&#8243;][\/vc_column][\/vc_row]\n","protected":false},"excerpt":{"rendered":"<p>[vc_row type=&#8220;full_width_background&#8220; full_screen_row_position=&#8220;middle&#8220; column_margin=&#8220;default&#8220; column_direction=&#8220;default&#8220; column_direction_tablet=&#8220;default&#8220; column_direction_phone=&#8220;default&#8220; bg_color=&#8220;#f8f8f8&#8243; scene_position=&#8220;center&#8220; top_padding=&#8220;4%&#8220; left_padding_desktop=&#8220;10%&#8220; constrain_group_2=&#8220;yes&#8220; right_padding_desktop=&#8220;10%&#8220; text_color=&#8220;dark&#8220; text_align=&#8220;left&#8220; row_border_radius=&#8220;none&#8220; row_border_radius_applies=&#8220;bg&#8220; overflow=&#8220;visible&#8220; overlay_strength=&#8220;0.3&#8243; gradient_direction=&#8220;left_to_right&#8220; shape_divider_position=&#8220;bottom&#8220; bg_image_animation=&#8220;none&#8220; gradient_type=&#8220;default&#8220; shape_type=&#8220;&#8220;][vc_column column_padding=&#8220;no-extra-padding&#8220; column_padding_tablet=&#8220;inherit&#8220; column_padding_phone=&#8220;inherit&#8220; column_padding_position=&#8220;all&#8220; column_element_direction_desktop=&#8220;default&#8220; column_element_spacing=&#8220;default&#8220;&#8230;<\/p>\n","protected":false},"author":1,"featured_media":0,"parent":0,"menu_order":0,"comment_status":"closed","ping_status":"closed","template":"","meta":{"footnotes":""},"class_list":["post-946","page","type-page","status-publish"],"_links":{"self":[{"href":"https:\/\/www.insurance-express.eu\/de\/wp-json\/wp\/v2\/pages\/946","targetHints":{"allow":["GET"]}}],"collection":[{"href":"https:\/\/www.insurance-express.eu\/de\/wp-json\/wp\/v2\/pages"}],"about":[{"href":"https:\/\/www.insurance-express.eu\/de\/wp-json\/wp\/v2\/types\/page"}],"author":[{"embeddable":true,"href":"https:\/\/www.insurance-express.eu\/de\/wp-json\/wp\/v2\/users\/1"}],"replies":[{"embeddable":true,"href":"https:\/\/www.insurance-express.eu\/de\/wp-json\/wp\/v2\/comments?post=946"}],"version-history":[{"count":2,"href":"https:\/\/www.insurance-express.eu\/de\/wp-json\/wp\/v2\/pages\/946\/revisions"}],"predecessor-version":[{"id":1007,"href":"https:\/\/www.insurance-express.eu\/de\/wp-json\/wp\/v2\/pages\/946\/revisions\/1007"}],"wp:attachment":[{"href":"https:\/\/www.insurance-express.eu\/de\/wp-json\/wp\/v2\/media?parent=946"}],"curies":[{"name":"wp","href":"https:\/\/api.w.org\/{rel}","templated":true}]}}