{"id":968,"date":"2023-06-06T15:38:18","date_gmt":"2023-06-06T15:38:18","guid":{"rendered":"https:\/\/www.insurance-express.eu\/telefonos-urgencia\/"},"modified":"2024-06-18T02:35:34","modified_gmt":"2024-06-18T02:35:34","slug":"notrufnummern-mallorca","status":"publish","type":"page","link":"https:\/\/www.insurance-express.eu\/de\/notrufnummern-mallorca\/","title":{"rendered":"NOTRUFNUMMERN MALLORCA"},"content":{"rendered":"[vc_row type=&#8220;full_width_content&#8220; full_screen_row_position=&#8220;middle&#8220; column_margin=&#8220;default&#8220; equal_height=&#8220;yes&#8220; column_direction=&#8220;default&#8220; column_direction_tablet=&#8220;default&#8220; column_direction_phone=&#8220;default&#8220; bg_color=&#8220;#f8f8f8&#8243; scene_position=&#8220;center&#8220; text_color=&#8220;dark&#8220; text_align=&#8220;left&#8220; row_border_radius=&#8220;none&#8220; row_border_radius_applies=&#8220;bg&#8220; overflow=&#8220;visible&#8220; overlay_strength=&#8220;0.3&#8243; gradient_direction=&#8220;left_to_right&#8220; shape_divider_position=&#8220;bottom&#8220; bg_image_animation=&#8220;none&#8220; gradient_type=&#8220;default&#8220; shape_type=&#8220;&#8220;][vc_column column_padding=&#8220;no-extra-padding&#8220; column_padding_tablet=&#8220;inherit&#8220; column_padding_phone=&#8220;inherit&#8220; column_padding_position=&#8220;all&#8220; column_element_direction_desktop=&#8220;default&#8220; column_element_spacing=&#8220;default&#8220; desktop_text_alignment=&#8220;default&#8220; tablet_text_alignment=&#8220;default&#8220; phone_text_alignment=&#8220;default&#8220; background_color_opacity=&#8220;1&#8243; background_hover_color_opacity=&#8220;1&#8243; background_image=&#8220;427&#8243; background_image_position=&#8220;center center&#8220; background_image_stacking=&#8220;default&#8220; enable_bg_scale=&#8220;true&#8220; background_image_loading=&#8220;default&#8220; column_backdrop_filter=&#8220;none&#8220; column_shadow=&#8220;none&#8220; column_border_radius=&#8220;none&#8220; column_link_target=&#8220;_self&#8220; column_position=&#8220;default&#8220; gradient_direction=&#8220;left_to_right&#8220; overlay_strength=&#8220;0.3&#8243; width=&#8220;1\/2&#8243; tablet_width_inherit=&#8220;default&#8220; animation_type=&#8220;default&#8220; bg_image_animation=&#8220;none&#8220; border_type=&#8220;simple&#8220; column_border_width=&#8220;none&#8220; column_border_style=&#8220;solid&#8220; column_padding_type=&#8220;default&#8220; gradient_type=&#8220;default&#8220;][divider line_type=&#8220;No Line&#8220; custom_height=&#8220;250&#8243;][\/vc_column][vc_column column_padding=&#8220;padding-5-percent&#8220; column_padding_tablet=&#8220;inherit&#8220; column_padding_phone=&#8220;inherit&#8220; column_padding_position=&#8220;all&#8220; column_element_direction_desktop=&#8220;default&#8220; column_element_spacing=&#8220;default&#8220; desktop_text_alignment=&#8220;default&#8220; tablet_text_alignment=&#8220;default&#8220; phone_text_alignment=&#8220;default&#8220; background_color_opacity=&#8220;1&#8243; background_hover_color_opacity=&#8220;1&#8243; column_backdrop_filter=&#8220;none&#8220; column_shadow=&#8220;none&#8220; column_border_radius=&#8220;none&#8220; column_link_target=&#8220;_self&#8220; column_position=&#8220;default&#8220; gradient_direction=&#8220;left_to_right&#8220; overlay_strength=&#8220;0.3&#8243; width=&#8220;1\/2&#8243; tablet_width_inherit=&#8220;default&#8220; animation_type=&#8220;default&#8220; bg_image_animation=&#8220;none&#8220; border_type=&#8220;simple&#8220; column_border_width=&#8220;none&#8220; column_border_style=&#8220;solid&#8220; column_padding_type=&#8220;default&#8220; gradient_type=&#8220;default&#8220;][vc_row_inner column_margin=&#8220;default&#8220; column_direction=&#8220;default&#8220; column_direction_tablet=&#8220;default&#8220; column_direction_phone=&#8220;default&#8220; text_align=&#8220;left&#8220; row_position=&#8220;default&#8220; row_position_tablet=&#8220;inherit&#8220; row_position_phone=&#8220;inherit&#8220; overflow=&#8220;visible&#8220; pointer_events=&#8220;all&#8220;][vc_column_inner column_padding=&#8220;no-extra-padding&#8220; column_padding_tablet=&#8220;inherit&#8220; column_padding_phone=&#8220;inherit&#8220; column_padding_position=&#8220;all&#8220; column_element_direction_desktop=&#8220;default&#8220; column_element_spacing=&#8220;default&#8220; desktop_text_alignment=&#8220;default&#8220; tablet_text_alignment=&#8220;default&#8220; phone_text_alignment=&#8220;default&#8220; background_color_opacity=&#8220;1&#8243; background_hover_color_opacity=&#8220;1&#8243; column_backdrop_filter=&#8220;none&#8220; column_shadow=&#8220;none&#8220; column_border_radius=&#8220;none&#8220; column_link_target=&#8220;_self&#8220; overflow=&#8220;visible&#8220; gradient_direction=&#8220;left_to_right&#8220; overlay_strength=&#8220;0.3&#8243; width=&#8220;1\/1&#8243; tablet_width_inherit=&#8220;default&#8220; animation_type=&#8220;default&#8220; enable_animation=&#8220;true&#8220; animation=&#8220;fade-in-from-bottom&#8220; animation_easing=&#8220;default&#8220; bg_image_animation=&#8220;none&#8220; border_type=&#8220;simple&#8220; column_border_width=&#8220;none&#8220; column_border_style=&#8220;solid&#8220;][vc_column_text css=&#8220;.vc_custom_1718677745658{padding-bottom: 10px !important;}&#8220;]\n<h2>Notrufnummern Mallorca<\/h2>\n[\/vc_column_text][divider line_type=&#8220;Small Line&#8220; line_alignment=&#8220;default&#8220; line_thickness=&#8220;3&#8243; divider_color=&#8220;extra-color-1&#8243; animate=&#8220;yes&#8220; custom_height=&#8220;30&#8243; custom_line_width=&#8220;120&#8243; delay=&#8220;100&#8243;][divider line_type=&#8220;No Line&#8220; custom_height=&#8220;20px&#8220;][vc_column_text]<strong>Liberty<\/strong><br \/>\n<em>Kundenbetreuung<\/em><\/p>\n<p>Pannenhilfe: <a href=\"tel:900101369\">900101369<\/a><\/p>\n<p>Kundenservice\/-hilfe f\u00fcr Ihr Haus:: <a href=\"tel:900556000\">900556000<\/a><\/p>\n<p>Pannenhilfe f\u00fcr das Ausland:\u00a0 <a href=\"tel:0034934955125\">+34 934 955 125<\/a><\/p>\n<p>Unf\u00e4lle und R\u00fcckf\u00fchrung im Ausland: <a href=\"tel:910001914\">910001914<\/a><\/p>\n<p><strong>Reale<\/strong><br \/>\n<em>Kundenbetreuung<\/em><\/p>\n<p>Kundenservice Haus und Pannenservice:: <a href=\"tel:912741375\">912741375<\/a> \/ <a href=\"tel:913939030\">913939030<\/a> \/ <a href=\"tel:910920263\">910920263<\/a><\/p>\n<p><strong>AXA<\/strong><br \/>\n<em>Kundenbetreuung<\/em><\/p>\n<p><a href=\"tel:900909014\">900909014<\/a><\/p>\n<p>Pannenhilfe:: <a href=\"tel:900300188\">900300188<\/a><\/p>\n<p>Medizinische Notf\u00e4lle:: <a href=\"tel:933125748\">933125748<\/a><\/p>\n<p><strong>Allianz<\/strong><br \/>\nKundenservice Pannenservice: <a href=\"tel:900117115\">900117115<\/a> (Unf\u00e4lle und R\u00fcckf\u00fchrung im Ausland) \/ <a href=\"tel:914522926\">914522926<\/a><br \/>\nKundenservice\/-hilfe f\u00fcr Ihr Haus:: <a href=\"tel:914522922\">914522922<\/a><u><br \/>\n<\/u>Medizinische Notf\u00e4lle:: <a href=\"tel:932532198\">932532198<\/a><\/p>\n<p><strong>Caser<\/strong><br \/>\nKundenbetreuung:\u00a0 <a href=\"tel:900500160\">900500160<\/a> \/ <a href=\"tel:915909738\">915909738<\/a><\/p>\n<p><strong>FIATC<\/strong><br \/>\nKundenbetreuung: <a href=\"tel:900117117\">900117117<\/a> \/ <a href=\"tel:900300250\">900300250<\/a><\/p>\n<p><strong>Generali<\/strong><br \/>\nKundenbetreuung: <a href=\"tel:911123443\">911123443<\/a><\/p>\n<p><strong>Zurich<br \/>\n<\/strong>Pannenhilfe::\u00a0 <a href=\"tel:934165040\">934165040<\/a><br \/>\nKundenservice\/-hilfe f\u00fcr Ihr Haus::\u00a0<a href=\"tel:934165046\">934165046<\/a>[\/vc_column_text][\/vc_column_inner][\/vc_row_inner][\/vc_column][\/vc_row]\n","protected":false},"excerpt":{"rendered":"<p>[vc_row type=&#8220;full_width_content&#8220; full_screen_row_position=&#8220;middle&#8220; column_margin=&#8220;default&#8220; equal_height=&#8220;yes&#8220; column_direction=&#8220;default&#8220; column_direction_tablet=&#8220;default&#8220; column_direction_phone=&#8220;default&#8220; bg_color=&#8220;#f8f8f8&#8243; scene_position=&#8220;center&#8220; text_color=&#8220;dark&#8220; text_align=&#8220;left&#8220; row_border_radius=&#8220;none&#8220; row_border_radius_applies=&#8220;bg&#8220; overflow=&#8220;visible&#8220; overlay_strength=&#8220;0.3&#8243; gradient_direction=&#8220;left_to_right&#8220; shape_divider_position=&#8220;bottom&#8220; bg_image_animation=&#8220;none&#8220; gradient_type=&#8220;default&#8220; shape_type=&#8220;&#8220;][vc_column column_padding=&#8220;no-extra-padding&#8220; column_padding_tablet=&#8220;inherit&#8220; column_padding_phone=&#8220;inherit&#8220; column_padding_position=&#8220;all&#8220; column_element_direction_desktop=&#8220;default&#8220; column_element_spacing=&#8220;default&#8220; desktop_text_alignment=&#8220;default&#8220; tablet_text_alignment=&#8220;default&#8220; phone_text_alignment=&#8220;default&#8220;&#8230;<\/p>\n","protected":false},"author":1,"featured_media":0,"parent":0,"menu_order":0,"comment_status":"closed","ping_status":"closed","template":"","meta":{"footnotes":""},"class_list":["post-968","page","type-page","status-publish"],"_links":{"self":[{"href":"https:\/\/www.insurance-express.eu\/de\/wp-json\/wp\/v2\/pages\/968","targetHints":{"allow":["GET"]}}],"collection":[{"href":"https:\/\/www.insurance-express.eu\/de\/wp-json\/wp\/v2\/pages"}],"about":[{"href":"https:\/\/www.insurance-express.eu\/de\/wp-json\/wp\/v2\/types\/page"}],"author":[{"embeddable":true,"href":"https:\/\/www.insurance-express.eu\/de\/wp-json\/wp\/v2\/users\/1"}],"replies":[{"embeddable":true,"href":"https:\/\/www.insurance-express.eu\/de\/wp-json\/wp\/v2\/comments?post=968"}],"version-history":[{"count":2,"href":"https:\/\/www.insurance-express.eu\/de\/wp-json\/wp\/v2\/pages\/968\/revisions"}],"predecessor-version":[{"id":1005,"href":"https:\/\/www.insurance-express.eu\/de\/wp-json\/wp\/v2\/pages\/968\/revisions\/1005"}],"wp:attachment":[{"href":"https:\/\/www.insurance-express.eu\/de\/wp-json\/wp\/v2\/media?parent=968"}],"curies":[{"name":"wp","href":"https:\/\/api.w.org\/{rel}","templated":true}]}}